{"id":60,"date":"2024-03-09T15:52:16","date_gmt":"2024-03-09T14:52:16","guid":{"rendered":"https:\/\/terrasylva.fr\/?page_id=60"},"modified":"2024-03-09T22:04:26","modified_gmt":"2024-03-09T21:04:26","slug":"a-propos","status":"publish","type":"page","link":"https:\/\/terrasylva.fr\/index.php\/a-propos\/","title":{"rendered":"A propos"},"content":{"rendered":"\n<div class=\"wp-block-group alignfull has-base-background-color has-background has-global-padding is-layout-constrained wp-container-core-group-is-layout-669513ed wp-block-group-is-layout-constrained\" style=\"margin-top:0;margin-bottom:0;padding-top:var(--wp--preset--spacing--50);padding-right:var(--wp--preset--spacing--50);padding-bottom:var(--wp--preset--spacing--50);padding-left:var(--wp--preset--spacing--50)\">\n<p class=\"has-text-align-center has-medium-font-size\">Je suis Pierre Barbarit, n\u00e9 en 1993 \u00e0 Ruffec dans le c\u0153ur du Poitou-Charentes. Je suis le petit-fils d&#8217;un menuisier qui m&#8217;a transmis son amour pour le bois. <\/p>\n\n\n\n<p class=\"has-text-align-center has-medium-font-size\">Depuis 2017, je travaille en tant que technicien forestier. J&#8217;ai d\u00e9but\u00e9 ma carri\u00e8re \u00e0 Troyes dans l&#8217;Aube, o\u00f9 j&#8217;\u00e9tais responsable du secteur du Pays d&#8217;Othe et des vall\u00e9es de la Seine et de l&#8217;Aube. Aujourd&#8217;hui, je suis de retour dans ma Charente natale pour exercer ce m\u00e9tier qui me passionne tant. Je me consacre \u00e0 la gestion foresti\u00e8re raisonn\u00e9e et durable, visant \u00e0 assurer la p\u00e9rennit\u00e9 des for\u00eats de la r\u00e9gion.<\/p>\n\n\n\n<p class=\"has-text-align-center\">Par ailleurs, je me suis form\u00e9 \u00e0 la populiculture, cette discipline o\u00f9 la for\u00eat rencontre l&#8217;agriculture. Convaincu que la culture du peuplier peut allier \u00e9cologie et production de bois intensive et rentable, je souhaite partager mon expertise pour conseiller les propri\u00e9taires dans leurs projets de boisement et\/ou reboisement et les sensibiliser aux avantages de cette pratique.<\/p>\n\n\n\n<p class=\"has-text-align-center\">TERRA SYLVA est n\u00e9 en 2024 avec la volont\u00e9 premi\u00e8re d\u2019aider et de sensibiliser les propri\u00e9taires forestiers \u00e0 g\u00e9rer durablement leurs parcelles.<\/p>\n\n\n\n<p class=\"has-text-align-center\">Principalement dans notre r\u00e9gion du Poitou-Charentes, certaines parcelles ne se sont pas encore relev\u00e9es des pr\u00e9c\u00e9dentes temp\u00eates. Il est m\u00eame courant de trouver encore des parcelles meurtries par la temp\u00eate Lothar de 1999.<\/p>\n\n\n\n<p class=\"has-text-align-center\">Cependant, il est bon de rappeler qu\u2019une gestion durable de nos for\u00eats est de permettre de fournir \u00e0 nos contemporains le bois n\u00e9cessaire \u00e0 leur besoin, tout en garantissant un renouvellement de celles-ci pour les g\u00e9n\u00e9rations futures. Et c\u2019est ce vers quoi j\u2019encourage les propri\u00e9taires.<\/p>\n\n\n\n<div class=\"wp-block-columns alignwide has-medium-font-size is-layout-flex wp-container-core-columns-is-layout-28f84493 wp-block-columns-is-layout-flex\">\n<div class=\"wp-block-column is-layout-flow wp-block-column-is-layout-flow\" style=\"flex-basis:60%\"><\/div>\n<\/div>\n\n\n\n<div style=\"height:var(--wp--preset--spacing--40)\" aria-hidden=\"true\" class=\"wp-block-spacer\"><\/div>\n\n\n\n<figure class=\"wp-block-image alignwide size-large is-style-rounded is-style-rounded--1\"><img fetchpriority=\"high\" decoding=\"async\" width=\"1024\" height=\"684\" src=\"https:\/\/terrasylva.fr\/wp-content\/uploads\/2024\/03\/D753601-1024x684.jpg\" alt=\"\" class=\"wp-image-69\" srcset=\"https:\/\/terrasylva.fr\/wp-content\/uploads\/2024\/03\/D753601-1024x684.jpg 1024w, https:\/\/terrasylva.fr\/wp-content\/uploads\/2024\/03\/D753601-300x200.jpg 300w, https:\/\/terrasylva.fr\/wp-content\/uploads\/2024\/03\/D753601-768x513.jpg 768w, https:\/\/terrasylva.fr\/wp-content\/uploads\/2024\/03\/D753601-1536x1025.jpg 1536w, https:\/\/terrasylva.fr\/wp-content\/uploads\/2024\/03\/D753601-2048x1367.jpg 2048w\" sizes=\"(max-width: 1024px) 100vw, 1024px\" \/><\/figure>\n<\/div>\n","protected":false},"excerpt":{"rendered":"<p>Je suis Pierre Barbarit, n\u00e9 en 1993 \u00e0 Ruffec dans le c\u0153ur du Poitou-Charentes. Je suis le petit-fils d&#8217;un menuisier qui m&#8217;a transmis son amour pour le bois. Depuis 2017, je travaille en tant que technicien forestier. J&#8217;ai d\u00e9but\u00e9 ma carri\u00e8re \u00e0 Troyes dans l&#8217;Aube, o\u00f9 j&#8217;\u00e9tais responsable du secteur du Pays d&#8217;Othe et des [&hellip;]<\/p>\n","protected":false},"author":1,"featured_media":0,"parent":0,"menu_order":0,"comment_status":"closed","ping_status":"closed","template":"","meta":{"footnotes":""},"class_list":["post-60","page","type-page","status-publish","hentry"],"_links":{"self":[{"href":"https:\/\/terrasylva.fr\/index.php\/wp-json\/wp\/v2\/pages\/60","targetHints":{"allow":["GET"]}}],"collection":[{"href":"https:\/\/terrasylva.fr\/index.php\/wp-json\/wp\/v2\/pages"}],"about":[{"href":"https:\/\/terrasylva.fr\/index.php\/wp-json\/wp\/v2\/types\/page"}],"author":[{"embeddable":true,"href":"https:\/\/terrasylva.fr\/index.php\/wp-json\/wp\/v2\/users\/1"}],"replies":[{"embeddable":true,"href":"https:\/\/terrasylva.fr\/index.php\/wp-json\/wp\/v2\/comments?post=60"}],"version-history":[{"count":3,"href":"https:\/\/terrasylva.fr\/index.php\/wp-json\/wp\/v2\/pages\/60\/revisions"}],"predecessor-version":[{"id":114,"href":"https:\/\/terrasylva.fr\/index.php\/wp-json\/wp\/v2\/pages\/60\/revisions\/114"}],"wp:attachment":[{"href":"https:\/\/terrasylva.fr\/index.php\/wp-json\/wp\/v2\/media?parent=60"}],"curies":[{"name":"wp","href":"https:\/\/api.w.org\/{rel}","templated":true}]}}