{"id":59,"date":"2024-03-09T15:30:52","date_gmt":"2024-03-09T14:30:52","guid":{"rendered":"https:\/\/terrasylva.fr\/?page_id=59"},"modified":"2024-03-10T11:39:13","modified_gmt":"2024-03-10T10:39:13","slug":"services","status":"publish","type":"page","link":"https:\/\/terrasylva.fr\/index.php\/services\/","title":{"rendered":"Services"},"content":{"rendered":"\n<div class=\"wp-block-group alignfull has-base-2-background-color has-background has-global-padding is-layout-constrained wp-container-core-group-is-layout-669513ed wp-block-group-is-layout-constrained\" style=\"margin-top:0;margin-bottom:0;padding-top:var(--wp--preset--spacing--50);padding-right:var(--wp--preset--spacing--50);padding-bottom:var(--wp--preset--spacing--50);padding-left:var(--wp--preset--spacing--50)\">\n<div class=\"wp-block-group is-vertical is-content-justification-center is-layout-flex wp-container-core-group-is-layout-52b864f0 wp-block-group-is-layout-flex\">\n<h2 class=\"wp-block-heading has-text-align-center is-style-asterisk has-accent-3-color has-text-color has-link-color wp-elements-dacfe1be4371c09ea43dac6253856ea8\"><strong>Une passion pour la gestion foresti\u00e8re et son d\u00e9veloppement<\/strong><\/h2>\n\n\n\n<div style=\"height:0px\" aria-hidden=\"true\" class=\"wp-block-spacer wp-container-content-4f2ccadb\"><\/div>\n\n\n\n<p class=\"has-text-align-center has-accent-3-color has-text-color has-link-color wp-elements-31a8d0b86ada3ed53171a41d3ffedeeb\">Terra Sylva s\u2019adresse \u00e0 une client\u00e8le diversifi\u00e9e, allant des propri\u00e9taires fonciers aux professionnels de la for\u00eat.<\/p>\n<\/div>\n\n\n\n<div style=\"margin-top:0;margin-bottom:0;height:var(--wp--preset--spacing--40)\" aria-hidden=\"true\" class=\"wp-block-spacer\"><\/div>\n\n\n\n<div class=\"wp-block-columns alignwide is-layout-flex wp-container-core-columns-is-layout-d0bbbce0 wp-block-columns-is-layout-flex\">\n<div class=\"wp-block-column is-layout-flow wp-container-core-column-is-layout-e3d1c41b wp-block-column-is-layout-flow\">\n<h3 class=\"wp-block-heading has-text-align-left is-style-asterisk has-accent-5-color has-text-color has-link-color has-body-font-family has-medium-font-size wp-elements-b7f69eaaf3a3ef7bddf5f15c8c1d6d20\" style=\"font-style:normal;font-weight:600\"><strong>Recherche et estimation de parcelles cadastrales<\/strong><\/h3>\n\n\n\n<p class=\"has-text-align-left has-accent-3-color has-text-color has-link-color wp-elements-b3522e81bbd9ee9e062f234fa2086fcd\">Localisation pr\u00e9cise et estimation technique de la valeur des parcelles foresti\u00e8res pour une meilleure compr\u00e9hension de vos actifs.&nbsp;<\/p>\n<\/div>\n\n\n\n<div class=\"wp-block-column is-layout-flow wp-container-core-column-is-layout-e3d1c41b wp-block-column-is-layout-flow\">\n<h3 class=\"wp-block-heading has-text-align-left is-style-asterisk has-accent-3-color has-text-color has-link-color has-body-font-family has-medium-font-size wp-elements-cfd61de7622227f2d4186279d917e1a7\" style=\"font-style:normal;font-weight:600\"><strong>\u00c9valuation et gestion foresti\u00e8r<\/strong>e \/ <strong>fiscalit\u00e9 foresti\u00e8re<\/strong><\/h3>\n\n\n\n<p class=\"has-text-align-left has-accent-3-color has-text-color has-link-color wp-elements-7d052ff37f99a29217734f389b767189\">R\u00e9daction de documents de gestion durable personnalis\u00e9s pour assurer la p\u00e9rennit\u00e9 de vos for\u00eats.<\/p>\n\n\n\n<p class=\"has-accent-3-color has-text-color has-link-color wp-elements-9b5e08806cad969e505caf727722a624\">Accompagnement dans la gestion fiscale, incluant la planification successorale, l&#8217;optimisation pour l&#8217;IFI, l&#8217;assurance foresti\u00e8re, la TVA, et la gestion des plus-values.<\/p>\n<\/div>\n\n\n\n<div class=\"wp-block-column is-layout-flow wp-container-core-column-is-layout-e3d1c41b wp-block-column-is-layout-flow\">\n<h3 class=\"wp-block-heading has-text-align-left is-style-asterisk has-accent-5-color has-text-color has-link-color has-body-font-family has-medium-font-size wp-elements-7c55d12488555fde45243d34d92e71c6\" style=\"font-style:normal;font-weight:600\"><strong>Surveillance et entretien<\/strong><\/h3>\n\n\n\n<p class=\"has-text-align-left has-accent-3-color has-text-color has-link-color wp-elements-5bfe46bd89fdf6b7d9f2a8879601dc0e\">Surveillance attentive de l&#8217;\u00e9volution du biotope forestier pour favoriser une croissance optimale des arbres en symbiose avec la faune. Assurer l\u2019\u00e9quilibre sylvo-cyn\u00e9g\u00e9tique en r\u00e9digeant les baux de chasse.<\/p>\n<\/div>\n\n\n\n<div class=\"wp-block-column is-layout-flow wp-container-core-column-is-layout-e3d1c41b wp-block-column-is-layout-flow\">\n<h3 class=\"wp-block-heading has-text-align-left is-style-asterisk has-accent-5-color has-text-color has-link-color has-body-font-family has-medium-font-size wp-elements-ff06f296ff31d1e5809c8429426b109a\" style=\"font-style:normal;font-weight:600\"><strong>Montage de dossier d&#8217;aide<\/strong><\/h3>\n\n\n\n<p class=\"has-text-align-left has-accent-3-color has-text-color has-link-color wp-elements-6e21fba1538535dee442690a81271f91\">Expertise dans la pr\u00e9paration de dossiers complets pour obtenir des aides au boisement, au reboisement, pour des travaux ou pour la cr\u00e9ation de routes foresti\u00e8res, facilitant ainsi les d\u00e9marches administratives li\u00e9es \u00e0 ces projets.<\/p>\n<\/div>\n<\/div>\n\n\n\n<div style=\"height:var(--wp--preset--spacing--20)\" aria-hidden=\"true\" class=\"wp-block-spacer\"><\/div>\n\n\n\n<div class=\"wp-block-columns alignwide is-layout-flex wp-container-core-columns-is-layout-d0bbbce0 wp-block-columns-is-layout-flex\">\n<div class=\"wp-block-column is-layout-flow wp-container-core-column-is-layout-e3d1c41b wp-block-column-is-layout-flow\">\n<h3 class=\"wp-block-heading has-text-align-left is-style-asterisk has-accent-5-color has-text-color has-link-color has-body-font-family has-medium-font-size wp-elements-7e1539979850a6a934d1720a2be9495c\" style=\"font-style:normal;font-weight:600\"><strong>Am\u00e9lioration de peuplemen<\/strong>t<\/h3>\n\n\n\n<p class=\"has-text-align-left has-accent-3-color has-text-color has-link-color wp-elements-badbd5cc380885f72f08c5f350087e43\">Techniques sp\u00e9cialis\u00e9es (balivage\/\u00e9claircies\u2026) visant \u00e0 optimiser la composition et la structure des peuplements forestiers existants pour favoriser une croissance plus saine et une productivit\u00e9 accrue.<\/p>\n<\/div>\n\n\n\n<div class=\"wp-block-column is-layout-flow wp-container-core-column-is-layout-e3d1c41b wp-block-column-is-layout-flow\">\n<h3 class=\"wp-block-heading has-text-align-left is-style-asterisk has-accent-5-color has-text-color has-link-color has-body-font-family has-medium-font-size wp-elements-8c28d80f8fc9a762007b55bd2bdd05b3\" style=\"font-style:normal;font-weight:600\"><strong>Estimation, martelage et ventes par appels d&#8217;offres<\/strong><\/h3>\n\n\n\n<p class=\"has-text-align-left has-accent-3-color has-text-color has-link-color wp-elements-949f1db4bdc0c7fcbdb4a28379a44106\">Service d&#8217;estimation du bois sur pied, de marquage efficace et de vente transparente pour optimiser la valeur de vos actifs forestiers.&nbsp;<\/p>\n<\/div>\n\n\n\n<div class=\"wp-block-column is-layout-flow wp-container-core-column-is-layout-e3d1c41b wp-block-column-is-layout-flow\">\n<h3 class=\"wp-block-heading has-text-align-left is-style-asterisk has-accent-5-color has-text-color has-link-color has-body-font-family has-medium-font-size wp-elements-79a1274387e0c086e4cf032f26964ba7\" style=\"font-style:normal;font-weight:600\"><strong>Suivi de chantier d&#8217;exploitation des bois sur pied<\/strong><\/h3>\n\n\n\n<p class=\"has-text-align-left has-accent-3-color has-text-color has-link-color wp-elements-74d19400e43cb9955b3f27ad5e3ddff2\">Surveillance rigoureuse garantissant des op\u00e9rations respectueuses de l&#8217;environnement et conformes aux normes de durabilit\u00e9.<\/p>\n<\/div>\n\n\n\n<div class=\"wp-block-column is-layout-flow wp-container-core-column-is-layout-e3d1c41b wp-block-column-is-layout-flow\">\n<h3 class=\"wp-block-heading has-text-align-left is-style-asterisk has-accent-5-color has-text-color has-link-color has-body-font-family has-medium-font-size wp-elements-6f620f9c4b0d5171099bc760580457ab\" style=\"font-style:normal;font-weight:600\"><strong>Chantiers de reboisement sur mesure<\/strong><\/h3>\n\n\n\n<p class=\"has-text-align-left has-accent-3-color has-text-color has-link-color wp-elements-1771d7cf026a1500c6329660e6afc63f\">Solutions compl\u00e8tes de reboisement en s\u00e9lectionnant soigneusement les essences adapt\u00e9es et en assurant une mise en terre r\u00e9ussie avec l&#8217;aide de p\u00e9pini\u00e9ristes et d&#8217;entreprises de plantation de confiance.<\/p>\n<\/div>\n<\/div>\n<\/div>\n\n\n\n<p class=\"has-text-align-center has-large-font-size\">Pour en savoir plus sur la populiculture <\/p>\n\n\n\n<div class=\"wp-block-buttons is-content-justification-center is-layout-flex wp-container-core-buttons-is-layout-a89b3969 wp-block-buttons-is-layout-flex\">\n<div class=\"wp-block-button\"><a class=\"wp-block-button__link wp-element-button\" href=\"https:\/\/terrasylva.fr\/index.php\/la-populiculture\/\">Cliquez ici<\/a><\/div>\n<\/div>\n\n\n\n<p><\/p>\n\n\n\n<div class=\"wp-block-cover alignfull is-light has-parallax\" style=\"padding-top:var(--wp--preset--spacing--50);padding-right:var(--wp--preset--spacing--50);padding-bottom:var(--wp--preset--spacing--50);padding-left:var(--wp--preset--spacing--50);min-height:100vh;aspect-ratio:unset;\"><span aria-hidden=\"true\" class=\"wp-block-cover__background has-base-background-color has-background-dim-0 has-background-dim\"><\/span><div role=\"img\" class=\"wp-block-cover__image-background wp-image-76 has-parallax\" style=\"background-position:50% 50%;background-image:url(https:\/\/terrasylva.fr\/wp-content\/uploads\/2024\/03\/D753431-scaled.jpg)\"><\/div><div class=\"wp-block-cover__inner-container has-global-padding is-layout-constrained wp-container-core-cover-is-layout-e4fd886c wp-block-cover-is-layout-constrained\">\n<div style=\"height:500px\" aria-hidden=\"true\" class=\"wp-block-spacer\"><\/div>\n<\/div><\/div>\n\n\n\n<div class=\"wp-block-group alignfull has-accent-5-background-color has-background has-global-padding is-layout-constrained wp-container-core-group-is-layout-669513ed wp-block-group-is-layout-constrained\" style=\"margin-top:0;margin-bottom:0;padding-top:var(--wp--preset--spacing--50);padding-right:var(--wp--preset--spacing--50);padding-bottom:var(--wp--preset--spacing--50);padding-left:var(--wp--preset--spacing--50)\">\n<div class=\"wp-block-group alignwide has-base-2-background-color has-background has-global-padding is-layout-constrained wp-container-core-group-is-layout-a151063b wp-block-group-is-layout-constrained\" style=\"border-radius:16px;padding-top:var(--wp--preset--spacing--50);padding-right:var(--wp--preset--spacing--40);padding-bottom:var(--wp--preset--spacing--50);padding-left:var(--wp--preset--spacing--40)\">\n<div class=\"wp-block-group alignwide is-vertical is-content-justification-stretch is-layout-flex wp-container-core-group-is-layout-353c4f5a wp-block-group-is-layout-flex\">\n<h2 class=\"wp-block-heading has-text-align-center\">Tarification<\/h2>\n<\/div>\n\n\n\n<div style=\"height:var(--wp--preset--spacing--30)\" aria-hidden=\"true\" class=\"wp-block-spacer\"><\/div>\n\n\n\n<div class=\"wp-block-columns alignwide is-layout-flex wp-container-core-columns-is-layout-06670bbc wp-block-columns-is-layout-flex\">\n<div class=\"wp-block-column is-layout-flow wp-block-column-is-layout-flow\" style=\"border-top-color:var(--wp--preset--color--contrast-3);border-top-width:1px;padding-top:var(--wp--preset--spacing--30);padding-right:var(--wp--preset--spacing--30);padding-bottom:var(--wp--preset--spacing--10);padding-left:var(--wp--preset--spacing--30)\">\n<h4 class=\"wp-block-heading has-text-align-center has-medium-font-size\" style=\"padding-top:1px\"> <em>Prestation de service \u00e0 l&#8217;heure<\/em> <\/h4>\n\n\n\n<h5 class=\"wp-block-heading has-text-align-center has-x-large-font-size\">50\u20ac<\/h5>\n\n\n\n<div style=\"height:var(--wp--preset--spacing--10)\" aria-hidden=\"true\" class=\"wp-block-spacer\"><\/div>\n\n\n\n<div style=\"height:var(--wp--preset--spacing--10)\" aria-hidden=\"true\" class=\"wp-block-spacer\"><\/div>\n\n\n\n<div class=\"wp-block-buttons is-content-justification-center is-layout-flex wp-container-core-buttons-is-layout-a89b3969 wp-block-buttons-is-layout-flex\"><\/div>\n<\/div>\n\n\n\n<div class=\"wp-block-column is-layout-flow wp-block-column-is-layout-flow\" style=\"border-top-color:var(--wp--preset--color--contrast);border-top-width:2px;padding-top:var(--wp--preset--spacing--30);padding-right:var(--wp--preset--spacing--30);padding-bottom:var(--wp--preset--spacing--10);padding-left:var(--wp--preset--spacing--30)\">\n<h4 class=\"wp-block-heading has-text-align-center has-medium-font-size\">  <em>Prestation de service \u00e0 la journ\u00e9e<\/em><\/h4>\n\n\n\n<h5 class=\"wp-block-heading has-text-align-center has-x-large-font-size\">400\u20ac<\/h5>\n\n\n\n<div style=\"height:var(--wp--preset--spacing--10)\" aria-hidden=\"true\" class=\"wp-block-spacer\"><\/div>\n\n\n\n<div class=\"wp-block-buttons is-content-justification-center is-layout-flex wp-container-core-buttons-is-layout-a89b3969 wp-block-buttons-is-layout-flex\"><\/div>\n\n\n\n<p class=\"has-text-align-center has-large-font-size\">Pour toute demande de devis <\/p>\n\n\n\n<div class=\"wp-block-buttons is-content-justification-center is-layout-flex wp-container-core-buttons-is-layout-a89b3969 wp-block-buttons-is-layout-flex\">\n<div class=\"wp-block-button\"><a class=\"wp-block-button__link wp-element-button\" href=\"https:\/\/www.google.com\/maps\/place\/TERRA+SYLVA+-+Gestion+Foresti%C3%A8re\/@46.0236794,0.2006145,17z\/data=!3m1!4b1!4m6!3m5!1s0x47fe11458fef5f1f:0xe3a6732b918af0f3!8m2!3d46.0236794!4d0.2006145!16s%2Fg%2F11vldgwjw3?entry=ttu\">Contact<\/a><\/div>\n<\/div>\n<\/div>\n\n\n\n<div class=\"wp-block-column is-layout-flow wp-block-column-is-layout-flow\" style=\"border-top-color:var(--wp--preset--color--contrast-3);border-top-width:1px;padding-top:var(--wp--preset--spacing--30);padding-right:var(--wp--preset--spacing--30);padding-bottom:var(--wp--preset--spacing--10);padding-left:var(--wp--preset--spacing--30)\">\n<h4 class=\"wp-block-heading has-text-align-center has-medium-font-size\" style=\"padding-top:1px\"> <em>Bombe de peinture entam\u00e9e<\/em> <\/h4>\n\n\n\n<h5 class=\"wp-block-heading has-text-align-center has-x-large-font-size\">5,50 \u20ac<\/h5>\n\n\n\n<div style=\"height:var(--wp--preset--spacing--10)\" aria-hidden=\"true\" class=\"wp-block-spacer\"><\/div>\n\n\n\n<div class=\"wp-block-buttons is-content-justification-center is-layout-flex wp-container-core-buttons-is-layout-a89b3969 wp-block-buttons-is-layout-flex\"><\/div>\n<\/div>\n<\/div>\n<\/div>\n<\/div>\n\n\n\n<div class=\"wp-block-cover alignfull has-parallax\" style=\"padding-top:var(--wp--preset--spacing--50);padding-right:var(--wp--preset--spacing--50);padding-bottom:var(--wp--preset--spacing--50);padding-left:var(--wp--preset--spacing--50);min-height:100vh;aspect-ratio:unset;\"><span aria-hidden=\"true\" class=\"wp-block-cover__background has-base-background-color has-background-dim-0 has-background-dim\"><\/span><div role=\"img\" class=\"wp-block-cover__image-background wp-image-117 has-parallax\" style=\"background-position:50% 50%;background-image:url(https:\/\/terrasylva.fr\/wp-content\/uploads\/2024\/03\/D753647-scaled.jpg)\"><\/div><div class=\"wp-block-cover__inner-container has-global-padding is-layout-constrained wp-container-core-cover-is-layout-e4fd886c wp-block-cover-is-layout-constrained\">\n<div style=\"height:500px\" aria-hidden=\"true\" class=\"wp-block-spacer\"><\/div>\n<\/div><\/div>\n\n\n\n<div class=\"wp-block-group alignfull has-accent-5-background-color has-background has-global-padding is-layout-constrained wp-container-core-group-is-layout-b25ccd55 wp-block-group-is-layout-constrained\" style=\"margin-top:0;margin-bottom:0;padding-top:var(--wp--preset--spacing--50);padding-right:var(--wp--preset--spacing--50);padding-bottom:var(--wp--preset--spacing--50);padding-left:var(--wp--preset--spacing--50)\">\n<div class=\"wp-block-columns alignwide is-layout-flex wp-container-core-columns-is-layout-ff4b9c61 wp-block-columns-is-layout-flex\" style=\"margin-top:0;margin-bottom:0\">\n<div class=\"wp-block-column is-layout-flow wp-container-core-column-is-layout-8a368f38 wp-block-column-is-layout-flow\">\n<figure class=\"wp-block-image size-large is-style-rounded is-style-rounded--1\"><img fetchpriority=\"high\" decoding=\"async\" width=\"1024\" height=\"684\" src=\"https:\/\/terrasylva.fr\/wp-content\/uploads\/2024\/03\/D753437-1024x684.jpg\" alt=\"\" class=\"wp-image-123\" style=\"aspect-ratio:4\/3;object-fit:cover\" srcset=\"https:\/\/terrasylva.fr\/wp-content\/uploads\/2024\/03\/D753437-1024x684.jpg 1024w, https:\/\/terrasylva.fr\/wp-content\/uploads\/2024\/03\/D753437-300x200.jpg 300w, https:\/\/terrasylva.fr\/wp-content\/uploads\/2024\/03\/D753437-768x513.jpg 768w, https:\/\/terrasylva.fr\/wp-content\/uploads\/2024\/03\/D753437-1536x1025.jpg 1536w, https:\/\/terrasylva.fr\/wp-content\/uploads\/2024\/03\/D753437-2048x1367.jpg 2048w\" sizes=\"(max-width: 1024px) 100vw, 1024px\" \/><\/figure>\n\n\n\n<div style=\"height:var(--wp--preset--spacing--50)\" aria-hidden=\"true\" class=\"wp-block-spacer\"><\/div>\n\n\n\n<figure class=\"wp-block-image size-large is-style-rounded is-style-rounded--2\"><img decoding=\"async\" width=\"1024\" height=\"684\" src=\"https:\/\/terrasylva.fr\/wp-content\/uploads\/2024\/03\/D753694-1-1024x684.jpg\" alt=\"\" class=\"wp-image-125\" style=\"aspect-ratio:3\/4;object-fit:cover\" srcset=\"https:\/\/terrasylva.fr\/wp-content\/uploads\/2024\/03\/D753694-1-1024x684.jpg 1024w, https:\/\/terrasylva.fr\/wp-content\/uploads\/2024\/03\/D753694-1-300x200.jpg 300w, https:\/\/terrasylva.fr\/wp-content\/uploads\/2024\/03\/D753694-1-768x513.jpg 768w, https:\/\/terrasylva.fr\/wp-content\/uploads\/2024\/03\/D753694-1-1536x1025.jpg 1536w, https:\/\/terrasylva.fr\/wp-content\/uploads\/2024\/03\/D753694-1-2048x1367.jpg 2048w\" sizes=\"(max-width: 1024px) 100vw, 1024px\" \/><\/figure>\n<\/div>\n\n\n\n<div class=\"wp-block-column is-layout-flow wp-container-core-column-is-layout-8a368f38 wp-block-column-is-layout-flow\">\n<div style=\"height:var(--wp--preset--spacing--50)\" aria-hidden=\"true\" class=\"wp-block-spacer\"><\/div>\n\n\n\n<figure class=\"wp-block-image size-large is-style-rounded is-style-rounded--3\"><img decoding=\"async\" width=\"684\" height=\"1024\" src=\"https:\/\/terrasylva.fr\/wp-content\/uploads\/2024\/03\/D753440-684x1024.jpg\" alt=\"\" class=\"wp-image-124\" style=\"aspect-ratio:3\/4;object-fit:cover\" srcset=\"https:\/\/terrasylva.fr\/wp-content\/uploads\/2024\/03\/D753440-684x1024.jpg 684w, https:\/\/terrasylva.fr\/wp-content\/uploads\/2024\/03\/D753440-200x300.jpg 200w, https:\/\/terrasylva.fr\/wp-content\/uploads\/2024\/03\/D753440-768x1150.jpg 768w, https:\/\/terrasylva.fr\/wp-content\/uploads\/2024\/03\/D753440-1025x1536.jpg 1025w, https:\/\/terrasylva.fr\/wp-content\/uploads\/2024\/03\/D753440-1367x2048.jpg 1367w, https:\/\/terrasylva.fr\/wp-content\/uploads\/2024\/03\/D753440-scaled.jpg 1709w\" sizes=\"(max-width: 684px) 100vw, 684px\" \/><\/figure>\n\n\n\n<div style=\"height:var(--wp--preset--spacing--50)\" aria-hidden=\"true\" class=\"wp-block-spacer\"><\/div>\n\n\n\n<figure class=\"wp-block-image size-large is-resized is-style-rounded is-style-rounded--4\"><img loading=\"lazy\" decoding=\"async\" width=\"1024\" height=\"684\" src=\"https:\/\/terrasylva.fr\/wp-content\/uploads\/2024\/03\/D753745-1024x684.jpg\" alt=\"\" class=\"wp-image-127\" style=\"aspect-ratio:1;object-fit:cover;width:624px;height:auto\" srcset=\"https:\/\/terrasylva.fr\/wp-content\/uploads\/2024\/03\/D753745-1024x684.jpg 1024w, https:\/\/terrasylva.fr\/wp-content\/uploads\/2024\/03\/D753745-300x200.jpg 300w, https:\/\/terrasylva.fr\/wp-content\/uploads\/2024\/03\/D753745-768x513.jpg 768w, https:\/\/terrasylva.fr\/wp-content\/uploads\/2024\/03\/D753745-1536x1025.jpg 1536w, https:\/\/terrasylva.fr\/wp-content\/uploads\/2024\/03\/D753745-2048x1367.jpg 2048w\" sizes=\"(max-width: 1024px) 100vw, 1024px\" \/><\/figure>\n<\/div>\n<\/div>\n<\/div>\n","protected":false},"excerpt":{"rendered":"<p>Une passion pour la gestion foresti\u00e8re et son d\u00e9veloppement Terra Sylva s\u2019adresse \u00e0 une client\u00e8le diversifi\u00e9e, allant des propri\u00e9taires fonciers aux professionnels de la for\u00eat. Recherche et estimation de parcelles cadastrales Localisation pr\u00e9cise et estimation technique de la valeur des parcelles foresti\u00e8res pour une meilleure compr\u00e9hension de vos actifs.&nbsp; \u00c9valuation et gestion foresti\u00e8re \/ fiscalit\u00e9 [&hellip;]<\/p>\n","protected":false},"author":1,"featured_media":65,"parent":0,"menu_order":0,"comment_status":"closed","ping_status":"closed","template":"","meta":{"footnotes":""},"class_list":["post-59","page","type-page","status-publish","has-post-thumbnail","hentry"],"_links":{"self":[{"href":"https:\/\/terrasylva.fr\/index.php\/wp-json\/wp\/v2\/pages\/59","targetHints":{"allow":["GET"]}}],"collection":[{"href":"https:\/\/terrasylva.fr\/index.php\/wp-json\/wp\/v2\/pages"}],"about":[{"href":"https:\/\/terrasylva.fr\/index.php\/wp-json\/wp\/v2\/types\/page"}],"author":[{"embeddable":true,"href":"https:\/\/terrasylva.fr\/index.php\/wp-json\/wp\/v2\/users\/1"}],"replies":[{"embeddable":true,"href":"https:\/\/terrasylva.fr\/index.php\/wp-json\/wp\/v2\/comments?post=59"}],"version-history":[{"count":11,"href":"https:\/\/terrasylva.fr\/index.php\/wp-json\/wp\/v2\/pages\/59\/revisions"}],"predecessor-version":[{"id":174,"href":"https:\/\/terrasylva.fr\/index.php\/wp-json\/wp\/v2\/pages\/59\/revisions\/174"}],"wp:featuredmedia":[{"embeddable":true,"href":"https:\/\/terrasylva.fr\/index.php\/wp-json\/wp\/v2\/media\/65"}],"wp:attachment":[{"href":"https:\/\/terrasylva.fr\/index.php\/wp-json\/wp\/v2\/media?parent=59"}],"curies":[{"name":"wp","href":"https:\/\/api.w.org\/{rel}","templated":true}]}}